{"id":6,"date":"2016-10-07T10:03:22","date_gmt":"2016-10-07T08:03:22","guid":{"rendered":"http:\/\/www.epb64.fr\/?page_id=6"},"modified":"2017-10-24T19:18:47","modified_gmt":"2017-10-24T17:18:47","slug":"ecole-podologie-en-pyrenees-atlantique-demenageur-demenagement-visa-chine-visa-inde-visa-vietnam-visa-russie-croisiere-safari-afrique-garde-meubles-viager","status":"publish","type":"page","link":"https:\/\/www.epb64.fr\/","title":{"rendered":"Ecole podologie en pyr\u00e9n\u00e9es atlantique"},"content":{"rendered":"<h2><strong>Y a-t-il une \u00e9cole de podologie dans le d\u00e9partement 64 ?<\/strong><\/h2>\n<p><img loading=\"lazy\" class=\"alignright size-full wp-image-12\" src=\"https:\/\/www.epb64.fr\/wp-content\/uploads\/2016\/10\/1-1.jpeg.jpg\" alt=\"1-1.jpeg\" width=\"287\" height=\"175\" \/>Un podologue est un professionnel de sant\u00e9 qui soigne les affections du pied, notament en concevant appareillages et orth\u00e8ses plantaires. Le m\u00e9tier de p\u00e9dicure-podologue est un m\u00e9tier manuel et relationnel n\u00e9cessitant une connaissance approfondie en anatomie humaine ainsi qu&rsquo;en technologies nouvelles. Le dipl\u00f4me d&rsquo;\u00c9tat est obtenu apr\u00e8s 3 ans d&rsquo;\u00e9tudes au sein d&rsquo;un institut de formation en p\u00e9dicure podologie, accessible sur concours PACES. Il en existe 11 sur toute la France, mais malheureusment aucun n&rsquo;est situ\u00e9 dans le d\u00e9partement 64. Les \u00e9l\u00e8ves de Pyr\u00e9nn\u00e9es-Atlantique souhaitant se former au m\u00e9tier de p\u00e9dicure-podologue \u00e0 proximit\u00e9 de leur d\u00e9partement pourront choisir d&rsquo;int\u00e9grer l&rsquo;institut de formation en p\u00e9dicure podologie de Bordeaux, ou encore celui de Toulouse.<\/p>\n<h2><strong>Vous pr\u00e9voyez un d\u00e9m\u00e9nagement ?<\/strong><\/h2>\n<p>Faire appel \u00e0 des d\u00e9m\u00e9nageur <a href=\"http:\/\/demenageur.com\">demenageur.com<\/a>\u00a0professionnels vous facilite grandement la vie lors d&rsquo;un changement de domicile. En effet, m\u00eame si un d\u00e9m\u00e9nagement <a href=\"http:\/\/demenageur.com\/demenagement\/\">demenageur.com\/demenagement\/<\/a>\u00a0peut \u00eatre effectu\u00e9 par des particuliers, tout pr\u00e9voir et r\u00e9aliser soi-m\u00eame est tr\u00e8s co\u00fbteux en temps et en \u00e9nergie ! Une soci\u00e9t\u00e9 de d\u00e9m\u00e9nagement vous aidera \u00e0 planifier \u00e9tape par \u00e9tape votre d\u00e9m\u00e9nagement, \u00e0 effectuer les d\u00e9marches n\u00e9cessaires, et vous \u00e9pargnera de nombreux soucis et efforts physiques. Faites faire un devis d\u00e9m\u00e9nagement <a href=\"http:\/\/demenageur.com\/devis-demenagement\/\">demenageur.com\/devis-demenagement\/<\/a>\u00a0pour trouver une offre qui corresponde au mieux \u00e0 votre budget et \u00e0 vos exigences. Il existe en effet de nombreuses possibilit\u00e9s, allant d&rsquo;un service de base \u00e0 des formules de luxe incluant la mise en carton et le d\u00e9ballage de vos biens. Faites appel \u00e0 un garde-meuble\u00a0si vous devez stocker une partie de vos biens lors d&rsquo;un d\u00e9m\u00e9nagement \u00e0 l&rsquo;\u00e9tranger par exemple, ou encore si votre nouveau logement n&rsquo;est pas disponible imm\u00e9diatement apr\u00e8s que vous ayez quitt\u00e9 l&rsquo;ancien.<\/p>\n<h2><strong>Souscrire un contrat d&rsquo;assurance-vie<\/strong><\/h2>\n<p>Un contrat d&rsquo; assurance vie <a href=\"http:\/\/lassurancevie.fr\">lassurancevie.fr<\/a>\u00a0engage l&rsquo;assureur \u00e0 verser une rente \u00e0 un ou plusieurs b\u00e9n\u00e9ficiaires en cas de d\u00e9c\u00e8s de l&rsquo;asssur\u00e9, ou bien de sa survie \u00e0 une date donn\u00e9e selon les termes fix\u00e9s par le contrat. Il en existe trois types : une assurance qui porte sur la survie de l&rsquo;assur\u00e9 \u00e0 une date donn\u00e9e, une assurance-d\u00e9c\u00e8s, ou encore un contrat mixte vie et d\u00e9c\u00e8s. La signature du contrat met en contact diff\u00e9rents acteurs : l&rsquo;assureur, le souscripteur, l&rsquo;assur\u00e9 qui est la personne dont la survie ou le d\u00e9c\u00e8s est couvert par le contrat et qui peut \u00eatre ou non le souscripteur, et enfin le b\u00e9n\u00e9ficiaire qui est une personne diff\u00e9rente de l&rsquo;assur\u00e9 en cas d&rsquo;assurance-d\u00e9c\u00e8s et peut \u00eatre l&rsquo;assur\u00e9 dans le cas d&rsquo;assurance-vie. Un p\u00e9riode de renonciation de 30 jours permet au souscripteur d&rsquo;annuler le contrat et de r\u00e9cup\u00e9rer l&rsquo;int\u00e9gralit\u00e9 de la somme vers\u00e9e. Un investissement juteux peut aussi \u00eatre un viager\u00a0.<\/p>\n<h2><strong>Faire une demande de visa pour l&rsquo;\u00e9tranger<\/strong><\/h2>\n<p>La circulation des personnes au sein de l&rsquo;Union Europ\u00e9enne est libre, mais pour voyager dans de nombreux autres pays il est n\u00e9cessaire d&rsquo;effectuer une demande de visa. Par exemple vous avez besoin d&rsquo;un visa Chine <a href=\"http:\/\/visachine.fr\">visachine.fr<\/a>\u00a0pour aller travailler en Chine ou visiter le pays, ou d&rsquo;un visa Russie\u00a0pour entrer sur le territoire russe. Concr\u00e8tement, il s&rsquo;agit d&rsquo;un tampon ou d&rsquo;une vignette appos\u00e9s sur votre passeport. Vous pouvez faire la demande de visa aupr\u00e8s du Consulat ou du service consulaire de l&rsquo;Ambassade du pays dans lequel vous voulez vous rendre, par exemple l&rsquo;Inde pour un visa Inde\u00a0ou le Vietnam pour un visa Vietnam\u00a0. Il existe diff\u00e9rents types de visa suivant le type de s\u00e9jour (tourisme, travail) et la dur\u00e9e de celui-ci.<\/p>\n<h2><strong>Les croisi\u00e8res<\/strong><\/h2>\n<p>De plus en plus de touristes sont attir\u00e9s par ces vacances \u00e0 bord d&rsquo;un navire, autrefois r\u00e9serv\u00e9es aux plus riches. De nomreuses offres sont ajourd&rsquo;hui propos\u00e9es, ce qui vous permet de trouver une croisi\u00e8re\u00a0qui vous convient, quel que soit votre budget, vos go\u00fbts et vos exigences. Il existe des croisi\u00e8res fluviales et des croisi\u00e8res maritimes. L&rsquo;h\u00e9bergement \u00e0 bord peut-\u00eatre une cabine personnelle ou une suite de luxe. De nombreuses destinations sur tous les continements et avec des escales culturelles, gastronomiques ou farniente vous raviront. De l&rsquo;\u00e9ternel printemps des \u00eeles Canaries, aux villes culturelles et festives comme Barcelone, des fjords norv\u00e9giens aux vignes de l&rsquo;Afrique du Sud, il existe une croisi\u00e8re faite pour vous.<\/p>\n<h2><strong>R\u00eaves de grandeur : un safari en Afrique<\/strong><\/h2>\n<p>Autrefois utilis\u00e9 pour parler de la chasse au gros gibier dans la brousse africaine, le mot safari d\u00e9signe aujourd&rsquo;hui un voyage au cours duquel vous pouvez observer des animaux. De nombreux animaux peuvent \u00eatre observ\u00e9s : \u00e9l\u00e9phants, rhinoc\u00e9ros, hippopotames, buffles, lions, l\u00e9opards&#8230; Lors d&rsquo;un safari Afrique\u00a0, les participants restent \u00e0 bord d&rsquo;un v\u00e9hicule (pour des raisons \u00e9videntes de s\u00e9curit\u00e9) lors des trajets quotidiens qui les conduisent de lodge en lodge et profitent de paysages exceptionnels. Lors d&rsquo;un safari en Afrique du Sud\u00a0, vous pouvez esp\u00e9rez rapporter en guise de troph\u00e9e de chasse des photos de rhinoc\u00e9ros blancs ou de panth\u00e8res. Tr\u00e8s pris\u00e9s, les safari Kenya vous conduiront au coeur de la r\u00e9serve nationale du Masa\u00ef-Mara ou vous offriront des vues exceptionnelles sur le Kilimandjaro, plus haut sommet d&rsquo;Afrique. Un safari Tanzanie vous conduira \u00e0 Olduvai, le berceau de l&rsquo;humanit\u00e9 ou encore au crat\u00e8re du Ngorongo.<\/p>\n","protected":false},"excerpt":{"rendered":"<p>Y a-t-il une \u00e9cole de podologie dans le d\u00e9partement 64 ? Un podologue est un professionnel de sant\u00e9 qui soigne les affections du pied, notament en concevant appareillages et orth\u00e8ses plantaires. Le m\u00e9tier de p\u00e9dicure-podologue est un m\u00e9tier manuel et relationnel n\u00e9cessitant une connaissance approfondie en anatomie humaine ainsi qu&rsquo;en technologies nouvelles. Le dipl\u00f4me d&rsquo;\u00c9tat [&hellip;]<\/p>\n","protected":false},"author":1,"featured_media":0,"parent":0,"menu_order":0,"comment_status":"closed","ping_status":"closed","template":"","meta":[],"_links":{"self":[{"href":"https:\/\/www.epb64.fr\/index.php\/wp-json\/wp\/v2\/pages\/6"}],"collection":[{"href":"https:\/\/www.epb64.fr\/index.php\/wp-json\/wp\/v2\/pages"}],"about":[{"href":"https:\/\/www.epb64.fr\/index.php\/wp-json\/wp\/v2\/types\/page"}],"author":[{"embeddable":true,"href":"https:\/\/www.epb64.fr\/index.php\/wp-json\/wp\/v2\/users\/1"}],"replies":[{"embeddable":true,"href":"https:\/\/www.epb64.fr\/index.php\/wp-json\/wp\/v2\/comments?post=6"}],"version-history":[{"count":5,"href":"https:\/\/www.epb64.fr\/index.php\/wp-json\/wp\/v2\/pages\/6\/revisions"}],"predecessor-version":[{"id":15,"href":"https:\/\/www.epb64.fr\/index.php\/wp-json\/wp\/v2\/pages\/6\/revisions\/15"}],"wp:attachment":[{"href":"https:\/\/www.epb64.fr\/index.php\/wp-json\/wp\/v2\/media?parent=6"}],"curies":[{"name":"wp","href":"https:\/\/api.w.org\/{rel}","templated":true}]}}